{"id":47447,"date":"2019-03-09T22:14:56","date_gmt":"2019-03-09T21:14:56","guid":{"rendered":"https:\/\/ukrainskitlumacz.pl\/?page_id=47447"},"modified":"2019-03-11T11:20:10","modified_gmt":"2019-03-11T10:20:10","slug":"%d1%8e%d1%80%d0%b8%d0%b4%d0%b8%d1%87%d0%bd%d0%b8%d0%b9-%d1%82%d0%b0-%d0%bf%d1%80%d0%b0%d0%b2%d0%be%d0%b2%d0%b8%d0%b9-%d0%bf%d0%b5%d1%80%d0%b5%d0%ba%d0%bb%d0%b0%d0%b4","status":"publish","type":"page","link":"https:\/\/ukrainskitlumacz.pl\/uk\/%d1%8e%d1%80%d0%b8%d0%b4%d0%b8%d1%87%d0%bd%d0%b8%d0%b9-%d1%82%d0%b0-%d0%bf%d1%80%d0%b0%d0%b2%d0%be%d0%b2%d0%b8%d0%b9-%d0%bf%d0%b5%d1%80%d0%b5%d0%ba%d0%bb%d0%b0%d0%b4\/","title":{"rendered":"\u042e\u0440\u0438\u0434\u0438\u0447\u043d\u0438\u0439 \u0442\u0430 \u043f\u0440\u0430\u0432\u043e\u0432\u0438\u0439 \u043f\u0435\u0440\u0435\u043a\u043b\u0430\u0434"},"content":{"rendered":"<p>[et_pb_section bb_built=&#8221;1&#8243; specialty=&#8221;off&#8221; next_background_color=&#8221;#ffffff&#8221; _builder_version=&#8221;3.19.18&#8243; background_color=&#8221;#727272&#8243; background_image=&#8221;https:\/\/ukrainskitlumacz.pl\/wp-content\/uploads\/2019\/03\/tlo2.jpg&#8221; use_background_color_gradient=&#8221;on&#8221; background_color_gradient_start=&#8221;rgba(255,255,255,0.46)&#8221; background_color_gradient_end=&#8221;rgba(255,255,255,0.46)&#8221; background_color_gradient_overlays_image=&#8221;on&#8221; module_class=&#8221;gorascreen&#8221; global_module=&#8221;47394&#8243;][et_pb_row global_parent=&#8221;47394&#8243; background_position=&#8221;top_left&#8221; background_repeat=&#8221;repeat&#8221; background_size=&#8221;initial&#8221;][et_pb_column type=&#8221;4_4&#8243;][\/et_pb_column][\/et_pb_row][\/et_pb_section][et_pb_section bb_built=&#8221;1&#8243; _builder_version=&#8221;3.19.18&#8243; prev_background_color=&#8221;#727272&#8243;][et_pb_row _builder_version=&#8221;3.19.18&#8243; module_alignment=&#8221;center&#8221; use_custom_width=&#8221;on&#8221; custom_width_px=&#8221;900&#8243;][et_pb_column type=&#8221;4_4&#8243;][et_pb_post_title _builder_version=&#8221;3.19.18&#8243; meta=&#8221;off&#8221; featured_image=&#8221;off&#8221; title_font_size=&#8221;40px&#8221; title_text_color=&#8221;#134c3b&#8221; \/][et_pb_text _builder_version=&#8221;3.19.18&#8243;]<\/p>\n<p style=\"text-align: left;\"><span><span><a href=\"https:\/\/ukrainskitlumacz.pl\/uk\/\">\u0413\u043e\u043b\u043e\u0432\u043d\u0430<\/a><\/span><\/span><\/p>\n<p>[\/et_pb_text][\/et_pb_column][\/et_pb_row][et_pb_row _builder_version=&#8221;3.19.18&#8243; module_alignment=&#8221;center&#8221; use_custom_width=&#8221;on&#8221; custom_width_px=&#8221;900&#8243;][et_pb_column type=&#8221;4_4&#8243;][et_pb_text _builder_version=&#8221;3.19.18&#8243;]<\/p>\n<p>\u0417 \u043e\u0433\u043b\u044f\u0434\u0443 \u043d\u0430 \u043e\u0442\u0440\u0438\u043c\u0430\u043d\u0456 \u0437\u043d\u0430\u043d\u043d\u044f \u0443 \u0441\u0444\u0435\u0440\u0456 \u0441\u0444\u0435\u0440\u0456 \u044e\u0440\u0438\u0441\u043f\u0440\u0443\u0434\u0435\u043d\u0446\u0456\u0457, \u0441\u043f\u0435\u0446\u0456\u0430\u043b\u0456\u0437\u0443\u044e\u0441\u044c \u0443 \u043d\u0430\u0434\u0430\u043d\u043d\u0456 \u043f\u043e\u0441\u043b\u0443\u0433 \u044e\u0440\u0438\u0434\u0438\u0447\u043d\u043e\u0433\u043e \u0442\u0430 \u043f\u0440\u0430\u0432\u043e\u0432\u043e\u0433\u043e \u043f\u0435\u0440\u0435\u043a\u043b\u0430\u0434\u0443 \u0434\u043b\u044f \u044e\u0440\u0438\u0434\u0438\u0447\u043d\u0438\u0445 \u0442\u0430 \u0444\u0456\u0437\u0438\u0447\u043d\u0438\u0445 \u043e\u0441\u0456\u0431, \u0430 \u0441\u0430\u043c\u0435:<\/p>\n<ul>\n<li>\u043f\u0435\u0440\u0435\u043a\u043b\u0430\u0434 \u0443\u0441\u0442\u0430\u043d\u043e\u0432\u0447\u0438\u0445 (\u0441\u0442\u0430\u0442\u0443\u0442\u043d\u0438\u0445) \u0434\u043e\u043a\u0443\u043c\u0435\u043d\u0442\u0456\u0432;<\/li>\n<li>\u043f\u0435\u0440\u0435\u043a\u043b\u0430\u0434 \u043d\u043e\u0440\u043c\u0430\u0442\u0438\u0432\u043d\u043e-\u043f\u0440\u0430\u0432\u043e\u0432\u0438\u0445 \u0430\u043a\u0442\u0456\u0432;<\/li>\n<li>\u043f\u0435\u0440\u0435\u043a\u043b\u0430\u0434 \u0434\u043e\u0433\u043e\u0432\u043e\u0440\u0456\u0432 \u043a\u0443\u043f\u0456\u0432\u043b\u0456-\u043f\u0440\u043e\u0434\u0430\u0436\u0443\/\u043d\u0430\u0439\u043c\u0443\/\u043f\u043e\u0441\u0442\u0430\u0432\u043a\u0438\/\u043f\u0440\u043e \u043d\u0430\u0434\u0430\u043d\u043d\u044f \u043f\u043e\u0441\u043b\u0443\u0433\/\u043f\u0440\u043e \u0432\u0438\u043a\u043e\u043d\u0430\u043d\u043d\u044f \u0440\u043e\u0431\u0456\u0442, \u0442\u043e\u0449\u043e;<\/li>\n<li>\u043f\u0435\u0440\u0435\u043a\u043b\u0430\u0434 \u0441\u0443\u0434\u043e\u0432\u0438\u0445 \u0440\u0456\u0448\u0435\u043d\u044c \u0442\u0430 \u043c\u0430\u0442\u0435\u0440\u0456\u0430\u043b\u0456\u0432 \u0441\u043f\u0440\u0430\u0432\u0438;<\/li>\n<li>\u043f\u0435\u0440\u0435\u043a\u043b\u0430\u0434 \u0430\u0434\u043c\u0456\u043d\u0456\u0441\u0442\u0440\u0430\u0442\u0438\u0432\u043d\u0438\u0445 \u0434\u043e\u043a\u0443\u043c\u0435\u043d\u0442\u0456\u0432;<\/li>\n<li>\u043f\u0435\u0440\u0435\u043a\u043b\u0430\u0434 \u0437\u0430\u043f\u043e\u0432\u0456\u0442\u0456\u0432, \u0441\u0432\u0456\u0434\u043e\u0446\u0442\u0432, \u0434\u043e\u0432\u0456\u0440\u0435\u043d\u043e\u0441\u0442\u0435\u0439;<\/li>\n<li>\u0456\u043d\u0448\u0456 \u044e\u0440\u0438\u0434\u0438\u0447\u043d\u0456 \u0434\u043e\u043a\u0443\u043c\u0435\u043d\u0442\u0438.<\/li>\n<\/ul>\n<p>[\/et_pb_text][\/et_pb_column][\/et_pb_row][\/et_pb_section]<\/p>\n","protected":false},"excerpt":{"rendered":"<p><span><span><a href=\"https:\/\/ukrainskitlumacz.pl\/uk\/\">\u0413\u043e\u043b\u043e\u0432\u043d\u0430<\/a><\/span><\/span> \u0417 \u043e\u0433\u043b\u044f\u0434\u0443 \u043d\u0430 \u043e\u0442\u0440\u0438\u043c\u0430\u043d\u0456 \u0437\u043d\u0430\u043d\u043d\u044f \u0443 \u0441\u0444\u0435\u0440\u0456 \u0441\u0444\u0435\u0440\u0456 \u044e\u0440\u0438\u0441\u043f\u0440\u0443\u0434\u0435\u043d\u0446\u0456\u0457, \u0441\u043f\u0435\u0446\u0456\u0430\u043b\u0456\u0437\u0443\u044e\u0441\u044c \u0443 \u043d\u0430\u0434\u0430\u043d\u043d\u0456 \u043f\u043e\u0441\u043b\u0443\u0433 \u044e\u0440\u0438\u0434\u0438\u0447\u043d\u043e\u0433\u043e \u0442\u0430 \u043f\u0440\u0430\u0432\u043e\u0432\u043e\u0433\u043e \u043f\u0435\u0440\u0435\u043a\u043b\u0430\u0434\u0443 \u0434\u043b\u044f \u044e\u0440\u0438\u0434\u0438\u0447\u043d\u0438\u0445 \u0442\u0430 \u0444\u0456\u0437\u0438\u0447\u043d\u0438\u0445 \u043e\u0441\u0456\u0431, \u0430 \u0441\u0430\u043c\u0435: \u043f\u0435\u0440\u0435\u043a\u043b\u0430\u0434 \u0443\u0441\u0442\u0430\u043d\u043e\u0432\u0447\u0438\u0445 (\u0441\u0442\u0430\u0442\u0443\u0442\u043d\u0438\u0445) \u0434\u043e\u043a\u0443\u043c\u0435\u043d\u0442\u0456\u0432; \u043f\u0435\u0440\u0435\u043a\u043b\u0430\u0434 \u043d\u043e\u0440\u043c\u0430\u0442\u0438\u0432\u043d\u043e-\u043f\u0440\u0430\u0432\u043e\u0432\u0438\u0445 \u0430\u043a\u0442\u0456\u0432; \u043f\u0435\u0440\u0435\u043a\u043b\u0430\u0434 \u0434\u043e\u0433\u043e\u0432\u043e\u0440\u0456\u0432 \u043a\u0443\u043f\u0456\u0432\u043b\u0456-\u043f\u0440\u043e\u0434\u0430\u0436\u0443\/\u043d\u0430\u0439\u043c\u0443\/\u043f\u043e\u0441\u0442\u0430\u0432\u043a\u0438\/\u043f\u0440\u043e \u043d\u0430\u0434\u0430\u043d\u043d\u044f \u043f\u043e\u0441\u043b\u0443\u0433\/\u043f\u0440\u043e \u0432\u0438\u043a\u043e\u043d\u0430\u043d\u043d\u044f \u0440\u043e\u0431\u0456\u0442, \u0442\u043e\u0449\u043e; \u043f\u0435\u0440\u0435\u043a\u043b\u0430\u0434 \u0441\u0443\u0434\u043e\u0432\u0438\u0445 \u0440\u0456\u0448\u0435\u043d\u044c \u0442\u0430 \u043c\u0430\u0442\u0435\u0440\u0456\u0430\u043b\u0456\u0432 \u0441\u043f\u0440\u0430\u0432\u0438; \u043f\u0435\u0440\u0435\u043a\u043b\u0430\u0434 \u0430\u0434\u043c\u0456\u043d\u0456\u0441\u0442\u0440\u0430\u0442\u0438\u0432\u043d\u0438\u0445 \u0434\u043e\u043a\u0443\u043c\u0435\u043d\u0442\u0456\u0432; \u043f\u0435\u0440\u0435\u043a\u043b\u0430\u0434 \u0437\u0430\u043f\u043e\u0432\u0456\u0442\u0456\u0432, \u0441\u0432\u0456\u0434\u043e\u0446\u0442\u0432, \u0434\u043e\u0432\u0456\u0440\u0435\u043d\u043e\u0441\u0442\u0435\u0439; \u0456\u043d\u0448\u0456 \u044e\u0440\u0438\u0434\u0438\u0447\u043d\u0456 [&hellip;]<\/p>\n","protected":false},"author":1,"featured_media":0,"parent":0,"menu_order":0,"comment_status":"closed","ping_status":"closed","template":"","meta":{"_et_pb_use_builder":"on","_et_pb_old_content":"","_et_gb_content_width":"","footnotes":""},"yoast_head":"<!-- This site is optimized with the Yoast SEO plugin v20.4 - https:\/\/yoast.com\/wordpress\/plugins\/seo\/ -->\n<title>\u042e\u0440\u0438\u0434\u0438\u0447\u043d\u0438\u0439 \u0442\u0430 \u043f\u0440\u0430\u0432\u043e\u0432\u0438\u0439 \u043f\u0435\u0440\u0435\u043a\u043b\u0430\u0434 - Yuliia Vovchko - t\u0142umacz j\u0119zyka ukrai\u0144skiego<\/title>\n<meta name=\"description\" content=\"\u0441\u043f\u0435\u0446\u0456\u0430\u043b\u0456\u0437\u0443\u044e\u0441\u044c \u0443 \u043d\u0430\u0434\u0430\u043d\u043d\u0456 \u043f\u043e\u0441\u043b\u0443\u0433 \u044e\u0440\u0438\u0434\u0438\u0447\u043d\u043e\u0433\u043e \u0442\u0430 \u043f\u0440\u0430\u0432\u043e\u0432\u043e\u0433\u043e \u043f\u0435\u0440\u0435\u043a\u043b\u0430\u0434\u0443 \u0434\u043b\u044f \u044e\u0440\u0438\u0434\u0438\u0447\u043d\u0438\u0445 \u0442\u0430 \u0444\u0456\u0437\u0438\u0447\u043d\u0438\u0445 \u043e\u0441\u0456\u0431, \u0430 \u0441\u0430\u043c\u0435: \u043f\u0435\u0440\u0435\u043a\u043b\u0430\u0434 \u0443\u0441\u0442\u0430\u043d\u043e\u0432\u0447\u0438\u0445 (\u0441\u0442\u0430\u0442\u0443\u0442\u043d\u0438\u0445) \u0434\u043e\u043a\u0443\u043c\u0435\u043d\u0442\u0456\u0432\" \/>\n<meta name=\"robots\" content=\"index, follow, max-snippet:-1, max-image-preview:large, max-video-preview:-1\" \/>\n<link rel=\"canonical\" href=\"https:\/\/ukrainskitlumacz.pl\/uk\/\u044e\u0440\u0438\u0434\u0438\u0447\u043d\u0438\u0439-\u0442\u0430-\u043f\u0440\u0430\u0432\u043e\u0432\u0438\u0439-\u043f\u0435\u0440\u0435\u043a\u043b\u0430\u0434\/\" \/>\n<meta property=\"og:locale\" content=\"uk_UA\" \/>\n<meta property=\"og:type\" content=\"article\" \/>\n<meta property=\"og:title\" content=\"\u042e\u0440\u0438\u0434\u0438\u0447\u043d\u0438\u0439 \u0442\u0430 \u043f\u0440\u0430\u0432\u043e\u0432\u0438\u0439 \u043f\u0435\u0440\u0435\u043a\u043b\u0430\u0434 - Yuliia Vovchko - t\u0142umacz j\u0119zyka ukrai\u0144skiego\" \/>\n<meta property=\"og:description\" content=\"\u0441\u043f\u0435\u0446\u0456\u0430\u043b\u0456\u0437\u0443\u044e\u0441\u044c \u0443 \u043d\u0430\u0434\u0430\u043d\u043d\u0456 \u043f\u043e\u0441\u043b\u0443\u0433 \u044e\u0440\u0438\u0434\u0438\u0447\u043d\u043e\u0433\u043e \u0442\u0430 \u043f\u0440\u0430\u0432\u043e\u0432\u043e\u0433\u043e \u043f\u0435\u0440\u0435\u043a\u043b\u0430\u0434\u0443 \u0434\u043b\u044f \u044e\u0440\u0438\u0434\u0438\u0447\u043d\u0438\u0445 \u0442\u0430 \u0444\u0456\u0437\u0438\u0447\u043d\u0438\u0445 \u043e\u0441\u0456\u0431, \u0430 \u0441\u0430\u043c\u0435: \u043f\u0435\u0440\u0435\u043a\u043b\u0430\u0434 \u0443\u0441\u0442\u0430\u043d\u043e\u0432\u0447\u0438\u0445 (\u0441\u0442\u0430\u0442\u0443\u0442\u043d\u0438\u0445) \u0434\u043e\u043a\u0443\u043c\u0435\u043d\u0442\u0456\u0432\" \/>\n<meta property=\"og:url\" content=\"https:\/\/ukrainskitlumacz.pl\/uk\/\u044e\u0440\u0438\u0434\u0438\u0447\u043d\u0438\u0439-\u0442\u0430-\u043f\u0440\u0430\u0432\u043e\u0432\u0438\u0439-\u043f\u0435\u0440\u0435\u043a\u043b\u0430\u0434\/\" \/>\n<meta property=\"og:site_name\" content=\"Yuliia Vovchko - t\u0142umacz j\u0119zyka ukrai\u0144skiego\" \/>\n<meta property=\"article:modified_time\" content=\"2019-03-11T10:20:10+00:00\" \/>\n<meta name=\"twitter:card\" content=\"summary_large_image\" \/>\n<meta name=\"twitter:label1\" content=\"\u041f\u0440\u0438\u0431\u043b. \u0447\u0430\u0441 \u0447\u0438\u0442\u0430\u043d\u043d\u044f\" \/>\n\t<meta name=\"twitter:data1\" content=\"1 \u0445\u0432\u0438\u043b\u0438\u043d\u0430\" \/>\n<script type=\"application\/ld+json\" class=\"yoast-schema-graph\">{\"@context\":\"https:\/\/schema.org\",\"@graph\":[{\"@type\":\"WebPage\",\"@id\":\"https:\/\/ukrainskitlumacz.pl\/uk\/%d1%8e%d1%80%d0%b8%d0%b4%d0%b8%d1%87%d0%bd%d0%b8%d0%b9-%d1%82%d0%b0-%d0%bf%d1%80%d0%b0%d0%b2%d0%be%d0%b2%d0%b8%d0%b9-%d0%bf%d0%b5%d1%80%d0%b5%d0%ba%d0%bb%d0%b0%d0%b4\/\",\"url\":\"https:\/\/ukrainskitlumacz.pl\/uk\/%d1%8e%d1%80%d0%b8%d0%b4%d0%b8%d1%87%d0%bd%d0%b8%d0%b9-%d1%82%d0%b0-%d0%bf%d1%80%d0%b0%d0%b2%d0%be%d0%b2%d0%b8%d0%b9-%d0%bf%d0%b5%d1%80%d0%b5%d0%ba%d0%bb%d0%b0%d0%b4\/\",\"name\":\"\u042e\u0440\u0438\u0434\u0438\u0447\u043d\u0438\u0439 \u0442\u0430 \u043f\u0440\u0430\u0432\u043e\u0432\u0438\u0439 \u043f\u0435\u0440\u0435\u043a\u043b\u0430\u0434 - Yuliia Vovchko - t\u0142umacz j\u0119zyka ukrai\u0144skiego\",\"isPartOf\":{\"@id\":\"https:\/\/ukrainskitlumacz.pl\/#website\"},\"datePublished\":\"2019-03-09T21:14:56+00:00\",\"dateModified\":\"2019-03-11T10:20:10+00:00\",\"description\":\"\u0441\u043f\u0435\u0446\u0456\u0430\u043b\u0456\u0437\u0443\u044e\u0441\u044c \u0443 \u043d\u0430\u0434\u0430\u043d\u043d\u0456 \u043f\u043e\u0441\u043b\u0443\u0433 \u044e\u0440\u0438\u0434\u0438\u0447\u043d\u043e\u0433\u043e \u0442\u0430 \u043f\u0440\u0430\u0432\u043e\u0432\u043e\u0433\u043e \u043f\u0435\u0440\u0435\u043a\u043b\u0430\u0434\u0443 \u0434\u043b\u044f \u044e\u0440\u0438\u0434\u0438\u0447\u043d\u0438\u0445 \u0442\u0430 \u0444\u0456\u0437\u0438\u0447\u043d\u0438\u0445 \u043e\u0441\u0456\u0431, \u0430 \u0441\u0430\u043c\u0435: \u043f\u0435\u0440\u0435\u043a\u043b\u0430\u0434 \u0443\u0441\u0442\u0430\u043d\u043e\u0432\u0447\u0438\u0445 (\u0441\u0442\u0430\u0442\u0443\u0442\u043d\u0438\u0445) \u0434\u043e\u043a\u0443\u043c\u0435\u043d\u0442\u0456\u0432\",\"breadcrumb\":{\"@id\":\"https:\/\/ukrainskitlumacz.pl\/uk\/%d1%8e%d1%80%d0%b8%d0%b4%d0%b8%d1%87%d0%bd%d0%b8%d0%b9-%d1%82%d0%b0-%d0%bf%d1%80%d0%b0%d0%b2%d0%be%d0%b2%d0%b8%d0%b9-%d0%bf%d0%b5%d1%80%d0%b5%d0%ba%d0%bb%d0%b0%d0%b4\/#breadcrumb\"},\"inLanguage\":\"uk\",\"potentialAction\":[{\"@type\":\"ReadAction\",\"target\":[\"https:\/\/ukrainskitlumacz.pl\/uk\/%d1%8e%d1%80%d0%b8%d0%b4%d0%b8%d1%87%d0%bd%d0%b8%d0%b9-%d1%82%d0%b0-%d0%bf%d1%80%d0%b0%d0%b2%d0%be%d0%b2%d0%b8%d0%b9-%d0%bf%d0%b5%d1%80%d0%b5%d0%ba%d0%bb%d0%b0%d0%b4\/\"]}]},{\"@type\":\"BreadcrumbList\",\"@id\":\"https:\/\/ukrainskitlumacz.pl\/uk\/%d1%8e%d1%80%d0%b8%d0%b4%d0%b8%d1%87%d0%bd%d0%b8%d0%b9-%d1%82%d0%b0-%d0%bf%d1%80%d0%b0%d0%b2%d0%be%d0%b2%d0%b8%d0%b9-%d0%bf%d0%b5%d1%80%d0%b5%d0%ba%d0%bb%d0%b0%d0%b4\/#breadcrumb\",\"itemListElement\":[{\"@type\":\"ListItem\",\"position\":1,\"name\":\"\u0413\u043e\u043b\u043e\u0432\u043d\u0430\",\"item\":\"https:\/\/ukrainskitlumacz.pl\/uk\/\"},{\"@type\":\"ListItem\",\"position\":2,\"name\":\"\u042e\u0440\u0438\u0434\u0438\u0447\u043d\u0438\u0439 \u0442\u0430 \u043f\u0440\u0430\u0432\u043e\u0432\u0438\u0439 \u043f\u0435\u0440\u0435\u043a\u043b\u0430\u0434\"}]},{\"@type\":\"WebSite\",\"@id\":\"https:\/\/ukrainskitlumacz.pl\/#website\",\"url\":\"https:\/\/ukrainskitlumacz.pl\/\",\"name\":\"Yuliia Vovchko - t\u0142umacz j\u0119zyka ukrai\u0144skiego\",\"description\":\"\",\"potentialAction\":[{\"@type\":\"SearchAction\",\"target\":{\"@type\":\"EntryPoint\",\"urlTemplate\":\"https:\/\/ukrainskitlumacz.pl\/?s={search_term_string}\"},\"query-input\":\"required name=search_term_string\"}],\"inLanguage\":\"uk\"}]}<\/script>\n<!-- \/ Yoast SEO plugin. -->","yoast_head_json":{"title":"\u042e\u0440\u0438\u0434\u0438\u0447\u043d\u0438\u0439 \u0442\u0430 \u043f\u0440\u0430\u0432\u043e\u0432\u0438\u0439 \u043f\u0435\u0440\u0435\u043a\u043b\u0430\u0434 - Yuliia Vovchko - t\u0142umacz j\u0119zyka ukrai\u0144skiego","description":"\u0441\u043f\u0435\u0446\u0456\u0430\u043b\u0456\u0437\u0443\u044e\u0441\u044c \u0443 \u043d\u0430\u0434\u0430\u043d\u043d\u0456 \u043f\u043e\u0441\u043b\u0443\u0433 \u044e\u0440\u0438\u0434\u0438\u0447\u043d\u043e\u0433\u043e \u0442\u0430 \u043f\u0440\u0430\u0432\u043e\u0432\u043e\u0433\u043e \u043f\u0435\u0440\u0435\u043a\u043b\u0430\u0434\u0443 \u0434\u043b\u044f \u044e\u0440\u0438\u0434\u0438\u0447\u043d\u0438\u0445 \u0442\u0430 \u0444\u0456\u0437\u0438\u0447\u043d\u0438\u0445 \u043e\u0441\u0456\u0431, \u0430 \u0441\u0430\u043c\u0435: \u043f\u0435\u0440\u0435\u043a\u043b\u0430\u0434 \u0443\u0441\u0442\u0430\u043d\u043e\u0432\u0447\u0438\u0445 (\u0441\u0442\u0430\u0442\u0443\u0442\u043d\u0438\u0445) \u0434\u043e\u043a\u0443\u043c\u0435\u043d\u0442\u0456\u0432","robots":{"index":"index","follow":"follow","max-snippet":"max-snippet:-1","max-image-preview":"max-image-preview:large","max-video-preview":"max-video-preview:-1"},"canonical":"https:\/\/ukrainskitlumacz.pl\/uk\/\u044e\u0440\u0438\u0434\u0438\u0447\u043d\u0438\u0439-\u0442\u0430-\u043f\u0440\u0430\u0432\u043e\u0432\u0438\u0439-\u043f\u0435\u0440\u0435\u043a\u043b\u0430\u0434\/","og_locale":"uk_UA","og_type":"article","og_title":"\u042e\u0440\u0438\u0434\u0438\u0447\u043d\u0438\u0439 \u0442\u0430 \u043f\u0440\u0430\u0432\u043e\u0432\u0438\u0439 \u043f\u0435\u0440\u0435\u043a\u043b\u0430\u0434 - Yuliia Vovchko - t\u0142umacz j\u0119zyka ukrai\u0144skiego","og_description":"\u0441\u043f\u0435\u0446\u0456\u0430\u043b\u0456\u0437\u0443\u044e\u0441\u044c \u0443 \u043d\u0430\u0434\u0430\u043d\u043d\u0456 \u043f\u043e\u0441\u043b\u0443\u0433 \u044e\u0440\u0438\u0434\u0438\u0447\u043d\u043e\u0433\u043e \u0442\u0430 \u043f\u0440\u0430\u0432\u043e\u0432\u043e\u0433\u043e \u043f\u0435\u0440\u0435\u043a\u043b\u0430\u0434\u0443 \u0434\u043b\u044f \u044e\u0440\u0438\u0434\u0438\u0447\u043d\u0438\u0445 \u0442\u0430 \u0444\u0456\u0437\u0438\u0447\u043d\u0438\u0445 \u043e\u0441\u0456\u0431, \u0430 \u0441\u0430\u043c\u0435: \u043f\u0435\u0440\u0435\u043a\u043b\u0430\u0434 \u0443\u0441\u0442\u0430\u043d\u043e\u0432\u0447\u0438\u0445 (\u0441\u0442\u0430\u0442\u0443\u0442\u043d\u0438\u0445) \u0434\u043e\u043a\u0443\u043c\u0435\u043d\u0442\u0456\u0432","og_url":"https:\/\/ukrainskitlumacz.pl\/uk\/\u044e\u0440\u0438\u0434\u0438\u0447\u043d\u0438\u0439-\u0442\u0430-\u043f\u0440\u0430\u0432\u043e\u0432\u0438\u0439-\u043f\u0435\u0440\u0435\u043a\u043b\u0430\u0434\/","og_site_name":"Yuliia Vovchko - t\u0142umacz j\u0119zyka ukrai\u0144skiego","article_modified_time":"2019-03-11T10:20:10+00:00","twitter_card":"summary_large_image","twitter_misc":{"\u041f\u0440\u0438\u0431\u043b. \u0447\u0430\u0441 \u0447\u0438\u0442\u0430\u043d\u043d\u044f":"1 \u0445\u0432\u0438\u043b\u0438\u043d\u0430"},"schema":{"@context":"https:\/\/schema.org","@graph":[{"@type":"WebPage","@id":"https:\/\/ukrainskitlumacz.pl\/uk\/%d1%8e%d1%80%d0%b8%d0%b4%d0%b8%d1%87%d0%bd%d0%b8%d0%b9-%d1%82%d0%b0-%d0%bf%d1%80%d0%b0%d0%b2%d0%be%d0%b2%d0%b8%d0%b9-%d0%bf%d0%b5%d1%80%d0%b5%d0%ba%d0%bb%d0%b0%d0%b4\/","url":"https:\/\/ukrainskitlumacz.pl\/uk\/%d1%8e%d1%80%d0%b8%d0%b4%d0%b8%d1%87%d0%bd%d0%b8%d0%b9-%d1%82%d0%b0-%d0%bf%d1%80%d0%b0%d0%b2%d0%be%d0%b2%d0%b8%d0%b9-%d0%bf%d0%b5%d1%80%d0%b5%d0%ba%d0%bb%d0%b0%d0%b4\/","name":"\u042e\u0440\u0438\u0434\u0438\u0447\u043d\u0438\u0439 \u0442\u0430 \u043f\u0440\u0430\u0432\u043e\u0432\u0438\u0439 \u043f\u0435\u0440\u0435\u043a\u043b\u0430\u0434 - Yuliia Vovchko - t\u0142umacz j\u0119zyka ukrai\u0144skiego","isPartOf":{"@id":"https:\/\/ukrainskitlumacz.pl\/#website"},"datePublished":"2019-03-09T21:14:56+00:00","dateModified":"2019-03-11T10:20:10+00:00","description":"\u0441\u043f\u0435\u0446\u0456\u0430\u043b\u0456\u0437\u0443\u044e\u0441\u044c \u0443 \u043d\u0430\u0434\u0430\u043d\u043d\u0456 \u043f\u043e\u0441\u043b\u0443\u0433 \u044e\u0440\u0438\u0434\u0438\u0447\u043d\u043e\u0433\u043e \u0442\u0430 \u043f\u0440\u0430\u0432\u043e\u0432\u043e\u0433\u043e \u043f\u0435\u0440\u0435\u043a\u043b\u0430\u0434\u0443 \u0434\u043b\u044f \u044e\u0440\u0438\u0434\u0438\u0447\u043d\u0438\u0445 \u0442\u0430 \u0444\u0456\u0437\u0438\u0447\u043d\u0438\u0445 \u043e\u0441\u0456\u0431, \u0430 \u0441\u0430\u043c\u0435: \u043f\u0435\u0440\u0435\u043a\u043b\u0430\u0434 \u0443\u0441\u0442\u0430\u043d\u043e\u0432\u0447\u0438\u0445 (\u0441\u0442\u0430\u0442\u0443\u0442\u043d\u0438\u0445) \u0434\u043e\u043a\u0443\u043c\u0435\u043d\u0442\u0456\u0432","breadcrumb":{"@id":"https:\/\/ukrainskitlumacz.pl\/uk\/%d1%8e%d1%80%d0%b8%d0%b4%d0%b8%d1%87%d0%bd%d0%b8%d0%b9-%d1%82%d0%b0-%d0%bf%d1%80%d0%b0%d0%b2%d0%be%d0%b2%d0%b8%d0%b9-%d0%bf%d0%b5%d1%80%d0%b5%d0%ba%d0%bb%d0%b0%d0%b4\/#breadcrumb"},"inLanguage":"uk","potentialAction":[{"@type":"ReadAction","target":["https:\/\/ukrainskitlumacz.pl\/uk\/%d1%8e%d1%80%d0%b8%d0%b4%d0%b8%d1%87%d0%bd%d0%b8%d0%b9-%d1%82%d0%b0-%d0%bf%d1%80%d0%b0%d0%b2%d0%be%d0%b2%d0%b8%d0%b9-%d0%bf%d0%b5%d1%80%d0%b5%d0%ba%d0%bb%d0%b0%d0%b4\/"]}]},{"@type":"BreadcrumbList","@id":"https:\/\/ukrainskitlumacz.pl\/uk\/%d1%8e%d1%80%d0%b8%d0%b4%d0%b8%d1%87%d0%bd%d0%b8%d0%b9-%d1%82%d0%b0-%d0%bf%d1%80%d0%b0%d0%b2%d0%be%d0%b2%d0%b8%d0%b9-%d0%bf%d0%b5%d1%80%d0%b5%d0%ba%d0%bb%d0%b0%d0%b4\/#breadcrumb","itemListElement":[{"@type":"ListItem","position":1,"name":"\u0413\u043e\u043b\u043e\u0432\u043d\u0430","item":"https:\/\/ukrainskitlumacz.pl\/uk\/"},{"@type":"ListItem","position":2,"name":"\u042e\u0440\u0438\u0434\u0438\u0447\u043d\u0438\u0439 \u0442\u0430 \u043f\u0440\u0430\u0432\u043e\u0432\u0438\u0439 \u043f\u0435\u0440\u0435\u043a\u043b\u0430\u0434"}]},{"@type":"WebSite","@id":"https:\/\/ukrainskitlumacz.pl\/#website","url":"https:\/\/ukrainskitlumacz.pl\/","name":"Yuliia Vovchko - t\u0142umacz j\u0119zyka ukrai\u0144skiego","description":"","potentialAction":[{"@type":"SearchAction","target":{"@type":"EntryPoint","urlTemplate":"https:\/\/ukrainskitlumacz.pl\/?s={search_term_string}"},"query-input":"required name=search_term_string"}],"inLanguage":"uk"}]}},"_links":{"self":[{"href":"https:\/\/ukrainskitlumacz.pl\/uk\/wp-json\/wp\/v2\/pages\/47447"}],"collection":[{"href":"https:\/\/ukrainskitlumacz.pl\/uk\/wp-json\/wp\/v2\/pages"}],"about":[{"href":"https:\/\/ukrainskitlumacz.pl\/uk\/wp-json\/wp\/v2\/types\/page"}],"author":[{"embeddable":true,"href":"https:\/\/ukrainskitlumacz.pl\/uk\/wp-json\/wp\/v2\/users\/1"}],"replies":[{"embeddable":true,"href":"https:\/\/ukrainskitlumacz.pl\/uk\/wp-json\/wp\/v2\/comments?post=47447"}],"version-history":[{"count":4,"href":"https:\/\/ukrainskitlumacz.pl\/uk\/wp-json\/wp\/v2\/pages\/47447\/revisions"}],"predecessor-version":[{"id":47534,"href":"https:\/\/ukrainskitlumacz.pl\/uk\/wp-json\/wp\/v2\/pages\/47447\/revisions\/47534"}],"wp:attachment":[{"href":"https:\/\/ukrainskitlumacz.pl\/uk\/wp-json\/wp\/v2\/media?parent=47447"}],"curies":[{"name":"wp","href":"https:\/\/api.w.org\/{rel}","templated":true}]}}