{"id":47415,"date":"2019-03-09T20:43:59","date_gmt":"2019-03-09T19:43:59","guid":{"rendered":"https:\/\/ukrainskitlumacz.pl\/?page_id=47415"},"modified":"2020-11-22T12:34:06","modified_gmt":"2020-11-22T11:34:06","slug":"%d0%b1%d0%bb%d0%be%d0%b3","status":"publish","type":"page","link":"https:\/\/ukrainskitlumacz.pl\/uk\/%d0%b1%d0%bb%d0%be%d0%b3\/","title":{"rendered":"\u0411\u043b\u043e\u0433"},"content":{"rendered":"<p>[et_pb_section bb_built=&#8221;1&#8243; specialty=&#8221;off&#8221; next_background_color=&#8221;#ffffff&#8221; _builder_version=&#8221;3.19.18&#8243; background_color=&#8221;#727272&#8243; background_image=&#8221;https:\/\/ukrainskitlumacz.pl\/wp-content\/uploads\/2019\/03\/tlo2.jpg&#8221; use_background_color_gradient=&#8221;on&#8221; background_color_gradient_start=&#8221;rgba(255,255,255,0.46)&#8221; background_color_gradient_end=&#8221;rgba(255,255,255,0.46)&#8221; background_color_gradient_overlays_image=&#8221;on&#8221; module_class=&#8221;gorascreen&#8221; inner_width=&#8221;auto&#8221; inner_max_width=&#8221;1149px&#8221; global_module=&#8221;47394&#8243;][et_pb_row global_parent=&#8221;47394&#8243; background_position=&#8221;top_left&#8221; background_repeat=&#8221;repeat&#8221; background_size=&#8221;initial&#8221; width=&#8221;80%&#8221; max_width=&#8221;1149px&#8221;][et_pb_column type=&#8221;4_4&#8243; global_parent=&#8221;47394&#8243; custom_padding__hover=&#8221;|||&#8221; custom_padding=&#8221;|||&#8221;][\/et_pb_column][\/et_pb_row][\/et_pb_section][et_pb_section bb_built=&#8221;1&#8243; _builder_version=&#8221;3.19.18&#8243; prev_background_color=&#8221;#727272&#8243; inner_width=&#8221;auto&#8221; inner_max_width=&#8221;1149px&#8221;][et_pb_row _builder_version=&#8221;4.6.5&#8243; use_custom_width=&#8221;on&#8221; custom_width_px=&#8221;900&#8243; width=&#8221;80%&#8221; max_width=&#8221;900&#8243;][et_pb_column type=&#8221;4_4&#8243; custom_padding__hover=&#8221;|||&#8221; custom_padding=&#8221;|||&#8221;][et_pb_post_title _builder_version=&#8221;4.6.5&#8243; meta=&#8221;off&#8221; featured_image=&#8221;off&#8221; title_font_size=&#8221;40px&#8221; title_text_color=&#8221;#134c3b&#8221; \/][et_pb_text _builder_version=&#8221;4.6.5&#8243; text_text_shadow_horizontal_length=&#8221;text_text_shadow_style,%91object Object%93&#8243; text_text_shadow_horizontal_length_tablet=&#8221;0px&#8221; text_text_shadow_vertical_length=&#8221;text_text_shadow_style,%91object Object%93&#8243; text_text_shadow_vertical_length_tablet=&#8221;0px&#8221; text_text_shadow_blur_strength=&#8221;text_text_shadow_style,%91object Object%93&#8243; text_text_shadow_blur_strength_tablet=&#8221;1px&#8221; link_text_shadow_horizontal_length=&#8221;link_text_shadow_style,%91object Object%93&#8243; link_text_shadow_horizontal_length_tablet=&#8221;0px&#8221; link_text_shadow_vertical_length=&#8221;link_text_shadow_style,%91object Object%93&#8243; link_text_shadow_vertical_length_tablet=&#8221;0px&#8221; link_text_shadow_blur_strength=&#8221;link_text_shadow_style,%91object Object%93&#8243; link_text_shadow_blur_strength_tablet=&#8221;1px&#8221; ul_text_shadow_horizontal_length=&#8221;ul_text_shadow_style,%91object Object%93&#8243; ul_text_shadow_horizontal_length_tablet=&#8221;0px&#8221; ul_text_shadow_vertical_length=&#8221;ul_text_shadow_style,%91object Object%93&#8243; ul_text_shadow_vertical_length_tablet=&#8221;0px&#8221; ul_text_shadow_blur_strength=&#8221;ul_text_shadow_style,%91object Object%93&#8243; ul_text_shadow_blur_strength_tablet=&#8221;1px&#8221; ol_text_shadow_horizontal_length=&#8221;ol_text_shadow_style,%91object Object%93&#8243; ol_text_shadow_horizontal_length_tablet=&#8221;0px&#8221; ol_text_shadow_vertical_length=&#8221;ol_text_shadow_style,%91object Object%93&#8243; ol_text_shadow_vertical_length_tablet=&#8221;0px&#8221; ol_text_shadow_blur_strength=&#8221;ol_text_shadow_style,%91object Object%93&#8243; ol_text_shadow_blur_strength_tablet=&#8221;1px&#8221; quote_text_shadow_horizontal_length=&#8221;quote_text_shadow_style,%91object Object%93&#8243; quote_text_shadow_horizontal_length_tablet=&#8221;0px&#8221; quote_text_shadow_vertical_length=&#8221;quote_text_shadow_style,%91object Object%93&#8243; quote_text_shadow_vertical_length_tablet=&#8221;0px&#8221; quote_text_shadow_blur_strength=&#8221;quote_text_shadow_style,%91object Object%93&#8243; quote_text_shadow_blur_strength_tablet=&#8221;1px&#8221; header_text_shadow_horizontal_length=&#8221;header_text_shadow_style,%91object Object%93&#8243; header_text_shadow_horizontal_length_tablet=&#8221;0px&#8221; header_text_shadow_vertical_length=&#8221;header_text_shadow_style,%91object Object%93&#8243; header_text_shadow_vertical_length_tablet=&#8221;0px&#8221; header_text_shadow_blur_strength=&#8221;header_text_shadow_style,%91object Object%93&#8243; header_text_shadow_blur_strength_tablet=&#8221;1px&#8221; header_2_text_shadow_horizontal_length=&#8221;header_2_text_shadow_style,%91object Object%93&#8243; header_2_text_shadow_horizontal_length_tablet=&#8221;0px&#8221; header_2_text_shadow_vertical_length=&#8221;header_2_text_shadow_style,%91object Object%93&#8243; header_2_text_shadow_vertical_length_tablet=&#8221;0px&#8221; header_2_text_shadow_blur_strength=&#8221;header_2_text_shadow_style,%91object Object%93&#8243; header_2_text_shadow_blur_strength_tablet=&#8221;1px&#8221; header_3_text_shadow_horizontal_length=&#8221;header_3_text_shadow_style,%91object Object%93&#8243; header_3_text_shadow_horizontal_length_tablet=&#8221;0px&#8221; header_3_text_shadow_vertical_length=&#8221;header_3_text_shadow_style,%91object Object%93&#8243; header_3_text_shadow_vertical_length_tablet=&#8221;0px&#8221; header_3_text_shadow_blur_strength=&#8221;header_3_text_shadow_style,%91object Object%93&#8243; header_3_text_shadow_blur_strength_tablet=&#8221;1px&#8221; header_4_text_shadow_horizontal_length=&#8221;header_4_text_shadow_style,%91object Object%93&#8243; header_4_text_shadow_horizontal_length_tablet=&#8221;0px&#8221; header_4_text_shadow_vertical_length=&#8221;header_4_text_shadow_style,%91object Object%93&#8243; header_4_text_shadow_vertical_length_tablet=&#8221;0px&#8221; header_4_text_shadow_blur_strength=&#8221;header_4_text_shadow_style,%91object Object%93&#8243; header_4_text_shadow_blur_strength_tablet=&#8221;1px&#8221; header_5_text_shadow_horizontal_length=&#8221;header_5_text_shadow_style,%91object Object%93&#8243; header_5_text_shadow_horizontal_length_tablet=&#8221;0px&#8221; header_5_text_shadow_vertical_length=&#8221;header_5_text_shadow_style,%91object Object%93&#8243; header_5_text_shadow_vertical_length_tablet=&#8221;0px&#8221; header_5_text_shadow_blur_strength=&#8221;header_5_text_shadow_style,%91object Object%93&#8243; header_5_text_shadow_blur_strength_tablet=&#8221;1px&#8221; header_6_text_shadow_horizontal_length=&#8221;header_6_text_shadow_style,%91object Object%93&#8243; header_6_text_shadow_horizontal_length_tablet=&#8221;0px&#8221; header_6_text_shadow_vertical_length=&#8221;header_6_text_shadow_style,%91object Object%93&#8243; header_6_text_shadow_vertical_length_tablet=&#8221;0px&#8221; header_6_text_shadow_blur_strength=&#8221;header_6_text_shadow_style,%91object Object%93&#8243; header_6_text_shadow_blur_strength_tablet=&#8221;1px&#8221; box_shadow_horizontal_tablet=&#8221;0px&#8221; box_shadow_vertical_tablet=&#8221;0px&#8221; box_shadow_blur_tablet=&#8221;40px&#8221; box_shadow_spread_tablet=&#8221;0px&#8221; vertical_offset_tablet=&#8221;0&#8243; horizontal_offset_tablet=&#8221;0&#8243; z_index_tablet=&#8221;0&#8243; \/][\/et_pb_column][\/et_pb_row][et_pb_row _builder_version=&#8221;3.19.18&#8243; use_custom_width=&#8221;on&#8221; custom_width_px=&#8221;900&#8243; width=&#8221;80%&#8221; max_width=&#8221;900&#8243;][et_pb_column type=&#8221;4_4&#8243; custom_padding__hover=&#8221;|||&#8221; custom_padding=&#8221;|||&#8221;][et_pb_blog _builder_version=&#8221;4.6.5&#8243; show_author=&#8221;off&#8221; show_date=&#8221;off&#8221; show_categories=&#8221;off&#8221; show_more=&#8221;on&#8221; \/][\/et_pb_column][\/et_pb_row][\/et_pb_section]<\/p>\n","protected":false},"excerpt":{"rendered":"","protected":false},"author":1,"featured_media":0,"parent":0,"menu_order":0,"comment_status":"closed","ping_status":"closed","template":"","meta":{"_et_pb_use_builder":"on","_et_pb_old_content":"","_et_gb_content_width":"","footnotes":""},"yoast_head":"<!-- This site is optimized with the Yoast SEO plugin v20.4 - https:\/\/yoast.com\/wordpress\/plugins\/seo\/ -->\n<title>\u0411\u043b\u043e\u0433 - Yuliia Vovchko - t\u0142umacz j\u0119zyka ukrai\u0144skiego<\/title>\n<meta name=\"robots\" content=\"index, follow, max-snippet:-1, max-image-preview:large, max-video-preview:-1\" \/>\n<link rel=\"canonical\" href=\"https:\/\/ukrainskitlumacz.pl\/uk\/\u0431\u043b\u043e\u0433\/\" \/>\n<meta property=\"og:locale\" content=\"uk_UA\" \/>\n<meta property=\"og:type\" content=\"article\" \/>\n<meta property=\"og:title\" content=\"\u0411\u043b\u043e\u0433 - Yuliia Vovchko - t\u0142umacz j\u0119zyka ukrai\u0144skiego\" \/>\n<meta property=\"og:url\" content=\"https:\/\/ukrainskitlumacz.pl\/uk\/\u0431\u043b\u043e\u0433\/\" \/>\n<meta property=\"og:site_name\" content=\"Yuliia Vovchko - t\u0142umacz j\u0119zyka ukrai\u0144skiego\" \/>\n<meta property=\"article:modified_time\" content=\"2020-11-22T11:34:06+00:00\" \/>\n<meta name=\"twitter:card\" content=\"summary_large_image\" \/>\n<meta name=\"twitter:label1\" content=\"\u041f\u0440\u0438\u0431\u043b. \u0447\u0430\u0441 \u0447\u0438\u0442\u0430\u043d\u043d\u044f\" \/>\n\t<meta name=\"twitter:data1\" content=\"4 \u0445\u0432\u0438\u043b\u0438\u043d\u0438\" \/>\n<script type=\"application\/ld+json\" class=\"yoast-schema-graph\">{\"@context\":\"https:\/\/schema.org\",\"@graph\":[{\"@type\":\"WebPage\",\"@id\":\"https:\/\/ukrainskitlumacz.pl\/uk\/%d0%b1%d0%bb%d0%be%d0%b3\/\",\"url\":\"https:\/\/ukrainskitlumacz.pl\/uk\/%d0%b1%d0%bb%d0%be%d0%b3\/\",\"name\":\"\u0411\u043b\u043e\u0433 - Yuliia Vovchko - t\u0142umacz j\u0119zyka ukrai\u0144skiego\",\"isPartOf\":{\"@id\":\"https:\/\/ukrainskitlumacz.pl\/#website\"},\"datePublished\":\"2019-03-09T19:43:59+00:00\",\"dateModified\":\"2020-11-22T11:34:06+00:00\",\"breadcrumb\":{\"@id\":\"https:\/\/ukrainskitlumacz.pl\/uk\/%d0%b1%d0%bb%d0%be%d0%b3\/#breadcrumb\"},\"inLanguage\":\"uk\",\"potentialAction\":[{\"@type\":\"ReadAction\",\"target\":[\"https:\/\/ukrainskitlumacz.pl\/uk\/%d0%b1%d0%bb%d0%be%d0%b3\/\"]}]},{\"@type\":\"BreadcrumbList\",\"@id\":\"https:\/\/ukrainskitlumacz.pl\/uk\/%d0%b1%d0%bb%d0%be%d0%b3\/#breadcrumb\",\"itemListElement\":[{\"@type\":\"ListItem\",\"position\":1,\"name\":\"\u0413\u043e\u043b\u043e\u0432\u043d\u0430\",\"item\":\"https:\/\/ukrainskitlumacz.pl\/uk\/\"},{\"@type\":\"ListItem\",\"position\":2,\"name\":\"\u0411\u043b\u043e\u0433\"}]},{\"@type\":\"WebSite\",\"@id\":\"https:\/\/ukrainskitlumacz.pl\/#website\",\"url\":\"https:\/\/ukrainskitlumacz.pl\/\",\"name\":\"Yuliia Vovchko - t\u0142umacz j\u0119zyka ukrai\u0144skiego\",\"description\":\"\",\"potentialAction\":[{\"@type\":\"SearchAction\",\"target\":{\"@type\":\"EntryPoint\",\"urlTemplate\":\"https:\/\/ukrainskitlumacz.pl\/?s={search_term_string}\"},\"query-input\":\"required name=search_term_string\"}],\"inLanguage\":\"uk\"}]}<\/script>\n<!-- \/ Yoast SEO plugin. -->","yoast_head_json":{"title":"\u0411\u043b\u043e\u0433 - Yuliia Vovchko - t\u0142umacz j\u0119zyka ukrai\u0144skiego","robots":{"index":"index","follow":"follow","max-snippet":"max-snippet:-1","max-image-preview":"max-image-preview:large","max-video-preview":"max-video-preview:-1"},"canonical":"https:\/\/ukrainskitlumacz.pl\/uk\/\u0431\u043b\u043e\u0433\/","og_locale":"uk_UA","og_type":"article","og_title":"\u0411\u043b\u043e\u0433 - Yuliia Vovchko - t\u0142umacz j\u0119zyka ukrai\u0144skiego","og_url":"https:\/\/ukrainskitlumacz.pl\/uk\/\u0431\u043b\u043e\u0433\/","og_site_name":"Yuliia Vovchko - t\u0142umacz j\u0119zyka ukrai\u0144skiego","article_modified_time":"2020-11-22T11:34:06+00:00","twitter_card":"summary_large_image","twitter_misc":{"\u041f\u0440\u0438\u0431\u043b. \u0447\u0430\u0441 \u0447\u0438\u0442\u0430\u043d\u043d\u044f":"4 \u0445\u0432\u0438\u043b\u0438\u043d\u0438"},"schema":{"@context":"https:\/\/schema.org","@graph":[{"@type":"WebPage","@id":"https:\/\/ukrainskitlumacz.pl\/uk\/%d0%b1%d0%bb%d0%be%d0%b3\/","url":"https:\/\/ukrainskitlumacz.pl\/uk\/%d0%b1%d0%bb%d0%be%d0%b3\/","name":"\u0411\u043b\u043e\u0433 - Yuliia Vovchko - t\u0142umacz j\u0119zyka ukrai\u0144skiego","isPartOf":{"@id":"https:\/\/ukrainskitlumacz.pl\/#website"},"datePublished":"2019-03-09T19:43:59+00:00","dateModified":"2020-11-22T11:34:06+00:00","breadcrumb":{"@id":"https:\/\/ukrainskitlumacz.pl\/uk\/%d0%b1%d0%bb%d0%be%d0%b3\/#breadcrumb"},"inLanguage":"uk","potentialAction":[{"@type":"ReadAction","target":["https:\/\/ukrainskitlumacz.pl\/uk\/%d0%b1%d0%bb%d0%be%d0%b3\/"]}]},{"@type":"BreadcrumbList","@id":"https:\/\/ukrainskitlumacz.pl\/uk\/%d0%b1%d0%bb%d0%be%d0%b3\/#breadcrumb","itemListElement":[{"@type":"ListItem","position":1,"name":"\u0413\u043e\u043b\u043e\u0432\u043d\u0430","item":"https:\/\/ukrainskitlumacz.pl\/uk\/"},{"@type":"ListItem","position":2,"name":"\u0411\u043b\u043e\u0433"}]},{"@type":"WebSite","@id":"https:\/\/ukrainskitlumacz.pl\/#website","url":"https:\/\/ukrainskitlumacz.pl\/","name":"Yuliia Vovchko - t\u0142umacz j\u0119zyka ukrai\u0144skiego","description":"","potentialAction":[{"@type":"SearchAction","target":{"@type":"EntryPoint","urlTemplate":"https:\/\/ukrainskitlumacz.pl\/?s={search_term_string}"},"query-input":"required name=search_term_string"}],"inLanguage":"uk"}]}},"_links":{"self":[{"href":"https:\/\/ukrainskitlumacz.pl\/uk\/wp-json\/wp\/v2\/pages\/47415"}],"collection":[{"href":"https:\/\/ukrainskitlumacz.pl\/uk\/wp-json\/wp\/v2\/pages"}],"about":[{"href":"https:\/\/ukrainskitlumacz.pl\/uk\/wp-json\/wp\/v2\/types\/page"}],"author":[{"embeddable":true,"href":"https:\/\/ukrainskitlumacz.pl\/uk\/wp-json\/wp\/v2\/users\/1"}],"replies":[{"embeddable":true,"href":"https:\/\/ukrainskitlumacz.pl\/uk\/wp-json\/wp\/v2\/comments?post=47415"}],"version-history":[{"count":7,"href":"https:\/\/ukrainskitlumacz.pl\/uk\/wp-json\/wp\/v2\/pages\/47415\/revisions"}],"predecessor-version":[{"id":48043,"href":"https:\/\/ukrainskitlumacz.pl\/uk\/wp-json\/wp\/v2\/pages\/47415\/revisions\/48043"}],"wp:attachment":[{"href":"https:\/\/ukrainskitlumacz.pl\/uk\/wp-json\/wp\/v2\/media?parent=47415"}],"curies":[{"name":"wp","href":"https:\/\/api.w.org\/{rel}","templated":true}]}}